{"id":10376,"date":"2019-06-12T12:05:18","date_gmt":"2019-06-12T10:05:18","guid":{"rendered":"https:\/\/www.sumadijachess.com\/?page_id=10376"},"modified":"2026-03-24T19:47:16","modified_gmt":"2026-03-24T18:47:16","slug":"odluke-uo","status":"publish","type":"page","link":"https:\/\/www.sumadijachess.com\/?page_id=10376","title":{"rendered":"Odluke UO"},"content":{"rendered":"<p><a href=\"https:\/\/www.sumadijachess.com\/wp-content\/uploads\/2019\/06\/Odluke_UO_donete_na_sednici_odrzanoj_20122014.pdf\">Odluke_UO_donete_na_sednici_odrzanoj_20.12.2014<\/a><\/p>\n<p><a href=\"https:\/\/www.sumadijachess.com\/wp-content\/uploads\/2019\/06\/Sednica-UOSS-Sumadije-od-24.12.2016..pdf\">Sednica UOSS Sumadije od 24.12.2016.<\/a><\/p>\n<p><a href=\"https:\/\/www.sumadijachess.com\/wp-content\/uploads\/2019\/06\/ODLUKE-UO-od-24.12.2016..pdf\">ODLUKE UO od 24.12.2016.<\/a><\/p>\n<p><a href=\"https:\/\/www.sumadijachess.com\/wp-content\/uploads\/2019\/07\/Zapisnik-sa-sednice-UO-odrzane-25.03..2018..pdf\">Zapisnik sa sednice UO odrzane 25.03..2018.<\/a><\/p>\n<p><a href=\"https:\/\/www.sumadijachess.com\/wp-content\/uploads\/2019\/07\/Zapisnik-sa-sednice-UO-odrzane-16.12.2018..pdf\">Zapisnik sa sednice UO odrzane 16.12.2018.<\/a><\/p>\n<p><a href=\"https:\/\/www.sumadijachess.com\/wp-content\/uploads\/2019\/12\/Zapisnik-sa-sednice-U.O.-od-13.12.2019-g..pdf\">Zapisnik sa sednice U.O. od 13.12.2019 g.<\/a><\/p>\n<p><a href=\"https:\/\/www.sumadijachess.com\/wp-content\/uploads\/2025\/01\/Zapisnik-sa-sednice-UO-13.01.2021.pdf\">Zapisnik-sa-sednice-UO-13.01.2021<\/a><\/p>\n<p><a href=\"https:\/\/www.sumadijachess.com\/wp-content\/uploads\/2021\/03\/Takmicarsko-disc.-komisija.pdf\">Zapisnik sa sednice U.O. od 04.03.2021. g.<\/a><\/p>\n<p><a href=\"https:\/\/www.sumadijachess.com\/wp-content\/uploads\/2025\/01\/Zapisnik-sa-sednice-UO-07.12.2021-1.pdf\">Zapisnik-sa-sednice-UO-07.12.2021-1<\/a><\/p>\n<p><a href=\"https:\/\/www.sumadijachess.com\/wp-content\/uploads\/2025\/01\/Zapisnik-sa-sednice-UO-17.05.2022.pdf\">Zapisnik-sa-sednice-UO-17.05.2022.<\/a><\/p>\n<p><a href=\"https:\/\/www.sumadijachess.com\/wp-content\/uploads\/2025\/01\/viber_image_2025-01-28_14-00-10-638.pdf\">viber_image_2025-01-28_14-00-10-638<\/a><\/p>\n<p><a href=\"https:\/\/www.sumadijachess.com\/wp-content\/uploads\/2023\/01\/Zapsnik-sa-sednice-UO-odrzane-13.01.2023.god_.-1.pdf\">Zapsnik sa sednice UO odrzane 13.01.2023.god.<\/a><\/p>\n<p><a href=\"https:\/\/www.sumadijachess.com\/wp-content\/uploads\/2023\/04\/Zapisnik-redovne-Skupstine-SSS-28-03-2023.pdf\">Zapisnik redovne Skup\u0161tine \u0160S\u0160 28 03 2023.<\/a><\/p>\n<p><a href=\"https:\/\/www.sumadijachess.com\/wp-content\/uploads\/2023\/12\/\u0417\u0430\u043f\u0438\u0441\u043d\u0438\u043a-\u043e-\u0440\u0430\u0434\u0443-\u0441\u0430\u0432\u0435\u0437\u0430-\u0443-2023.-\u0433\u043e\u0434\u0438\u043d\u0438.pdf\">\u0417\u0430\u043f\u0438\u0441\u043d\u0438\u043a \u043e \u0440\u0430\u0434\u0443 \u0441\u0430\u0432\u0435\u0437\u0430 \u0443 2023. \u0433\u043e\u0434\u0438\u043d\u0438<\/a><\/p>\n<p><a href=\"https:\/\/www.sumadijachess.com\/wp-content\/uploads\/2024\/03\/\u0417\u0430\u043f\u0438\u0441\u043d\u0438\u043a-\u0441\u0430-23.-\u0441\u0435\u0434\u043d\u0438\u0446\u0435-\u0423\u041e.pdf\">\u0417\u0430\u043f\u0438\u0441\u043d\u0438\u043a \u0441\u0430 23. \u0441\u0435\u0434\u043d\u0438\u0446\u0435 \u0423\u041e<\/a><\/p>\n<p><a href=\"https:\/\/www.sumadijachess.com\/wp-content\/uploads\/2024\/04\/Zapisnik-sa-redovne-Skupstine-2024.-godine.pdf\">Zapisnik sa redovne Skup\u0161tine 2024. godine<\/a><\/p>\n<p><a href=\"https:\/\/www.sumadijachess.com\/wp-content\/uploads\/2024\/08\/ZAPISNIK-el-sed-U.O.-26.08.2024.pdf\">ZAPISNIK el-sed U.O. 26.08.2024<\/a><\/p>\n<p><a href=\"https:\/\/www.sumadijachess.com\/wp-content\/uploads\/2025\/02\/\u0417\u0430\u043f\u0438\u0441\u043d\u0438\u043a-\u0441\u0430-24.-\u0441\u0435\u0434\u043d\u0438\u0446\u0435-\u0423\u041e.pdf\">\u0417\u0430\u043f\u0438\u0441\u043d\u0438\u043a \u0441\u0430 24. \u0441\u0435\u0434\u043d\u0438\u0446\u0435 \u0423\u041e<\/a><\/p>\n<p><a href=\"https:\/\/www.sumadijachess.com\/wp-content\/uploads\/2025\/01\/Zapisnik-sa-telefonske-sednice-Skupstine-28.11.2024.-godine.pdf\">Zapisnik sa telefonske sednice Skup\u0161tine 28.11.2024. godine<\/a><\/p>\n<p><a href=\"https:\/\/www.sumadijachess.com\/wp-content\/uploads\/2025\/01\/Zapisnik-sa-redovne-Skupstine-2025.-godine.pdf\">Zapisnik-sa-redovne-Skupstine-2025.-godine<\/a><\/p>\n<p><a href=\"https:\/\/www.sumadijachess.com\/wp-content\/uploads\/2025\/02\/Zapisnik-sa-Izborne-Skupstine-2025.-godine.pdf\">Zapisnik sa Izborne Skup\u0161tine 2025. godine<\/a><\/p>\n<p><a href=\"https:\/\/www.sumadijachess.com\/wp-content\/uploads\/2025\/03\/\u0417\u0430\u043f\u0438\u0441\u043d\u0438\u043a-\u0441\u0430-25.-\u0441\u0435\u0434\u043d\u0438\u0446\u0435-\u0423\u041e.pdf\">\u0417\u0430\u043f\u0438\u0441\u043d\u0438\u043a \u0441\u0430 25. \u0441\u0435\u0434\u043d\u0438\u0446\u0435 \u0423\u041e<\/a><\/p>\n<p><a href=\"https:\/\/www.sumadijachess.com\/wp-content\/uploads\/2025\/04\/\u0417\u0430\u043f\u0438\u0441\u043d\u0438\u043a-\u0441\u0430-\u0435\u043b.\u0441\u0435\u0434\u043d\u0438\u0446\u0435-\u043e\u0434-29.03.2025.pdf\">\u0417\u0430\u043f\u0438\u0441\u043d\u0438\u043a \u0441\u0430 \u0435\u043b.\u0441\u0435\u0434\u043d\u0438\u0446\u0435 \u043e\u0434 29.03.2025.<\/a><\/p>\n<p><a href=\"https:\/\/www.sumadijachess.com\/wp-content\/uploads\/2025\/06\/\u0417\u0430\u043f\u0438\u0441\u043d\u0438\u043a-\u0441\u0430-\u0441\u0435\u0434\u043d\u0438\u0446\u0435-\u0441\u0432\u0435\u0447\u0430\u043d\u0435-\u0421\u043a\u0443\u043f\u0448\u0442\u0438\u043d\u0435-\u0428\u0421-\u0428\u0443\u043c\u0430\u0434\u0438\u0458\u0435-1.pdf\">\u0417\u0430\u043f\u0438\u0441\u043d\u0438\u043a \u0441\u0430 \u0441\u0435\u0434\u043d\u0438\u0446\u0435 \u0441\u0432\u0435\u0447\u0430\u043d\u0435 \u0421\u043a\u0443\u043f\u0448\u0442\u0438\u043d\u0435 \u0428\u0421 \u0428\u0443\u043c\u0430\u0434\u0438\u0458\u0435<\/a> 26.06.2025.<\/p>\n<p><a href=\"https:\/\/www.sumadijachess.com\/wp-content\/uploads\/2025\/12\/\u0417\u0430\u043f\u0438\u0441\u043d\u0438\u043a-\u0441\u0430-26.-\u0441\u0435\u0434\u043d\u0438\u0446\u0435-\u0423\u041e.pdf\">\u0417\u0430\u043f\u0438\u0441\u043d\u0438\u043a \u0441\u0430 26. \u0441\u0435\u0434\u043d\u0438\u0446\u0435 \u0423\u041e<\/a><\/p>\n<p><a href=\"https:\/\/www.sumadijachess.com\/wp-content\/uploads\/2026\/03\/Zapisnik-sa-redovne-Skupstine-2026.-godine.pdf\">Zapisnik-sa-redovne-Skupstine- 23.03.2026.-godine<\/a><\/p>\n","protected":false},"excerpt":{"rendered":"Odluke_UO_donete_na_sednici_odrzanoj_20.12.2014 Sednica UOSS Sumadije od 24.12.2016. ODLUKE UO od 24.12.2016. Zapisnik sa sednice UO odrzane 25.03..2018. Zapisnik sa sednice UO odrzane 16.12.2018. Zapisnik sa sednice U.O. od 13.12.2019 g. Zapisnik-sa-sednice-UO-13.01.2021 Zapisnik sa sednice U.O. od 04.03.2021. g. Zapisnik-sa-sednice-UO-07.12.2021-1 Zapisnik-sa-sednice-UO-17.05.2022. viber_image_2025-01-28_14-00-10-638 Zapsnik sa sednice UO odrzane 13.01.2023.god. Zapisnik redovne Skup\u0161tine \u0160S\u0160 28 03 2023. \u0417\u0430\u043f\u0438\u0441\u043d\u0438\u043a \u043e [&hellip;]","protected":false},"author":2,"featured_media":0,"parent":0,"menu_order":0,"comment_status":"closed","ping_status":"closed","template":"","meta":{"footnotes":""},"class_list":["post-10376","page","type-page","status-publish","hentry"],"_links":{"self":[{"href":"https:\/\/www.sumadijachess.com\/index.php?rest_route=\/wp\/v2\/pages\/10376","targetHints":{"allow":["GET"]}}],"collection":[{"href":"https:\/\/www.sumadijachess.com\/index.php?rest_route=\/wp\/v2\/pages"}],"about":[{"href":"https:\/\/www.sumadijachess.com\/index.php?rest_route=\/wp\/v2\/types\/page"}],"author":[{"embeddable":true,"href":"https:\/\/www.sumadijachess.com\/index.php?rest_route=\/wp\/v2\/users\/2"}],"replies":[{"embeddable":true,"href":"https:\/\/www.sumadijachess.com\/index.php?rest_route=%2Fwp%2Fv2%2Fcomments&post=10376"}],"version-history":[{"count":36,"href":"https:\/\/www.sumadijachess.com\/index.php?rest_route=\/wp\/v2\/pages\/10376\/revisions"}],"predecessor-version":[{"id":15180,"href":"https:\/\/www.sumadijachess.com\/index.php?rest_route=\/wp\/v2\/pages\/10376\/revisions\/15180"}],"wp:attachment":[{"href":"https:\/\/www.sumadijachess.com\/index.php?rest_route=%2Fwp%2Fv2%2Fmedia&parent=10376"}],"curies":[{"name":"wp","href":"https:\/\/api.w.org\/{rel}","templated":true}]}}