{"id":10511,"date":"2019-06-29T16:25:26","date_gmt":"2019-06-29T14:25:26","guid":{"rendered":"https:\/\/www.sumadijachess.com\/?page_id=10511"},"modified":"2021-09-04T15:47:53","modified_gmt":"2021-09-04T13:47:53","slug":"sk-marsic-kragujevac","status":"publish","type":"page","link":"https:\/\/www.sumadijachess.com\/?page_id=10511","title":{"rendered":"\u0160K &#8222;Mar\u0161i\u0107&#8220;-Mar\u0161i\u0107"},"content":{"rendered":"<p><strong>Predsednik:<\/strong><br \/>\nSimonovi\u0107 Milomir M<br \/>\nTel: 060\/350 6560<br \/>\n<strong>Sekretar:<\/strong><br \/>\nTrifunovi\u0107 Mladen<br \/>\nTel: 065\/351 3454<\/p>\n","protected":false},"excerpt":{"rendered":"Predsednik: Simonovi\u0107 Milomir M Tel: 060\/350 6560 Sekretar: Trifunovi\u0107 Mladen Tel: 065\/351 3454","protected":false},"author":2,"featured_media":0,"parent":0,"menu_order":0,"comment_status":"closed","ping_status":"closed","template":"","meta":{"footnotes":""},"class_list":["post-10511","page","type-page","status-publish","hentry"],"_links":{"self":[{"href":"https:\/\/www.sumadijachess.com\/index.php?rest_route=\/wp\/v2\/pages\/10511","targetHints":{"allow":["GET"]}}],"collection":[{"href":"https:\/\/www.sumadijachess.com\/index.php?rest_route=\/wp\/v2\/pages"}],"about":[{"href":"https:\/\/www.sumadijachess.com\/index.php?rest_route=\/wp\/v2\/types\/page"}],"author":[{"embeddable":true,"href":"https:\/\/www.sumadijachess.com\/index.php?rest_route=\/wp\/v2\/users\/2"}],"replies":[{"embeddable":true,"href":"https:\/\/www.sumadijachess.com\/index.php?rest_route=%2Fwp%2Fv2%2Fcomments&post=10511"}],"version-history":[{"count":6,"href":"https:\/\/www.sumadijachess.com\/index.php?rest_route=\/wp\/v2\/pages\/10511\/revisions"}],"predecessor-version":[{"id":12362,"href":"https:\/\/www.sumadijachess.com\/index.php?rest_route=\/wp\/v2\/pages\/10511\/revisions\/12362"}],"wp:attachment":[{"href":"https:\/\/www.sumadijachess.com\/index.php?rest_route=%2Fwp%2Fv2%2Fmedia&parent=10511"}],"curies":[{"name":"wp","href":"https:\/\/api.w.org\/{rel}","templated":true}]}}