{"id":10518,"date":"2019-06-29T16:27:30","date_gmt":"2019-06-29T14:27:30","guid":{"rendered":"https:\/\/www.sumadijachess.com\/?page_id=10518"},"modified":"2021-09-04T15:42:21","modified_gmt":"2021-09-04T13:42:21","slug":"sk-erdec-erdec","status":"publish","type":"page","link":"https:\/\/www.sumadijachess.com\/?page_id=10518","title":{"rendered":"\u0160K &#8222;Erde\u010d&#8220;-Erde\u010d"},"content":{"rendered":"<p><strong>Predsednik:<\/strong><br \/>\nVi\u0161nji\u0107 \u017darko<br \/>\nTel: 064\/842 2332<br \/>\n<strong>Sekretar:<\/strong><br \/>\nMilutinovi\u0107 Blagoje<br \/>\nTel: 064\/507 1003<\/p>\n","protected":false},"excerpt":{"rendered":"Predsednik: Vi\u0161nji\u0107 \u017darko Tel: 064\/842 2332 Sekretar: Milutinovi\u0107 Blagoje Tel: 064\/507 1003","protected":false},"author":2,"featured_media":0,"parent":0,"menu_order":0,"comment_status":"closed","ping_status":"closed","template":"","meta":{"footnotes":""},"class_list":["post-10518","page","type-page","status-publish","hentry"],"_links":{"self":[{"href":"https:\/\/www.sumadijachess.com\/index.php?rest_route=\/wp\/v2\/pages\/10518","targetHints":{"allow":["GET"]}}],"collection":[{"href":"https:\/\/www.sumadijachess.com\/index.php?rest_route=\/wp\/v2\/pages"}],"about":[{"href":"https:\/\/www.sumadijachess.com\/index.php?rest_route=\/wp\/v2\/types\/page"}],"author":[{"embeddable":true,"href":"https:\/\/www.sumadijachess.com\/index.php?rest_route=\/wp\/v2\/users\/2"}],"replies":[{"embeddable":true,"href":"https:\/\/www.sumadijachess.com\/index.php?rest_route=%2Fwp%2Fv2%2Fcomments&post=10518"}],"version-history":[{"count":7,"href":"https:\/\/www.sumadijachess.com\/index.php?rest_route=\/wp\/v2\/pages\/10518\/revisions"}],"predecessor-version":[{"id":12356,"href":"https:\/\/www.sumadijachess.com\/index.php?rest_route=\/wp\/v2\/pages\/10518\/revisions\/12356"}],"wp:attachment":[{"href":"https:\/\/www.sumadijachess.com\/index.php?rest_route=%2Fwp%2Fv2%2Fmedia&parent=10518"}],"curies":[{"name":"wp","href":"https:\/\/api.w.org\/{rel}","templated":true}]}}