{"id":10520,"date":"2019-06-29T16:28:24","date_gmt":"2019-06-29T14:28:24","guid":{"rendered":"https:\/\/www.sumadijachess.com\/?page_id=10520"},"modified":"2021-09-04T15:44:33","modified_gmt":"2021-09-04T13:44:33","slug":"sk-knic-knic","status":"publish","type":"page","link":"https:\/\/www.sumadijachess.com\/?page_id=10520","title":{"rendered":"\u0160K &#8222;Kni\u0107&#8220;-Kni\u0107"},"content":{"rendered":"<p><strong>Predsednik:<\/strong><br \/>\nPantovi\u0107 Rajko<br \/>\nTel: 062\/206 650<br \/>\n<strong>Sekretar:<\/strong><br \/>\nMiladinovi\u0107 Dragan<br \/>\nTel: 034\/510 630<\/p>\n","protected":false},"excerpt":{"rendered":"Predsednik: Pantovi\u0107 Rajko Tel: 062\/206 650 Sekretar: Miladinovi\u0107 Dragan Tel: 034\/510 630","protected":false},"author":2,"featured_media":0,"parent":0,"menu_order":0,"comment_status":"closed","ping_status":"closed","template":"","meta":{"footnotes":""},"class_list":["post-10520","page","type-page","status-publish","hentry"],"_links":{"self":[{"href":"https:\/\/www.sumadijachess.com\/index.php?rest_route=\/wp\/v2\/pages\/10520","targetHints":{"allow":["GET"]}}],"collection":[{"href":"https:\/\/www.sumadijachess.com\/index.php?rest_route=\/wp\/v2\/pages"}],"about":[{"href":"https:\/\/www.sumadijachess.com\/index.php?rest_route=\/wp\/v2\/types\/page"}],"author":[{"embeddable":true,"href":"https:\/\/www.sumadijachess.com\/index.php?rest_route=\/wp\/v2\/users\/2"}],"replies":[{"embeddable":true,"href":"https:\/\/www.sumadijachess.com\/index.php?rest_route=%2Fwp%2Fv2%2Fcomments&post=10520"}],"version-history":[{"count":6,"href":"https:\/\/www.sumadijachess.com\/index.php?rest_route=\/wp\/v2\/pages\/10520\/revisions"}],"predecessor-version":[{"id":12358,"href":"https:\/\/www.sumadijachess.com\/index.php?rest_route=\/wp\/v2\/pages\/10520\/revisions\/12358"}],"wp:attachment":[{"href":"https:\/\/www.sumadijachess.com\/index.php?rest_route=%2Fwp%2Fv2%2Fmedia&parent=10520"}],"curies":[{"name":"wp","href":"https:\/\/api.w.org\/{rel}","templated":true}]}}