{"id":10533,"date":"2019-06-29T16:34:18","date_gmt":"2019-06-29T14:34:18","guid":{"rendered":"https:\/\/www.sumadijachess.com\/?page_id=10533"},"modified":"2021-09-04T15:49:45","modified_gmt":"2021-09-04T13:49:45","slug":"sk-vadjariste-64-kragujevac","status":"publish","type":"page","link":"https:\/\/www.sumadijachess.com\/?page_id=10533","title":{"rendered":"\u0160K &#8222;Va\u0161ari\u0161te 64&#8220;-Kragujevac"},"content":{"rendered":"<p><strong>Predsednik:<\/strong><br \/>\nObradovi\u0107 Miroslav<br \/>\nTel: 061\/134 7427<br \/>\n<strong>Sekretar:<\/strong><\/p>\n<p>Petrovi\u0107 Miroljub<br \/>\nTel: 069\/315 9288<\/p>\n","protected":false},"excerpt":{"rendered":"Predsednik: Obradovi\u0107 Miroslav Tel: 061\/134 7427 Sekretar: Petrovi\u0107 Miroljub Tel: 069\/315 9288","protected":false},"author":2,"featured_media":0,"parent":0,"menu_order":0,"comment_status":"closed","ping_status":"closed","template":"","meta":{"footnotes":""},"class_list":["post-10533","page","type-page","status-publish","hentry"],"_links":{"self":[{"href":"https:\/\/www.sumadijachess.com\/index.php?rest_route=\/wp\/v2\/pages\/10533","targetHints":{"allow":["GET"]}}],"collection":[{"href":"https:\/\/www.sumadijachess.com\/index.php?rest_route=\/wp\/v2\/pages"}],"about":[{"href":"https:\/\/www.sumadijachess.com\/index.php?rest_route=\/wp\/v2\/types\/page"}],"author":[{"embeddable":true,"href":"https:\/\/www.sumadijachess.com\/index.php?rest_route=\/wp\/v2\/users\/2"}],"replies":[{"embeddable":true,"href":"https:\/\/www.sumadijachess.com\/index.php?rest_route=%2Fwp%2Fv2%2Fcomments&post=10533"}],"version-history":[{"count":14,"href":"https:\/\/www.sumadijachess.com\/index.php?rest_route=\/wp\/v2\/pages\/10533\/revisions"}],"predecessor-version":[{"id":12364,"href":"https:\/\/www.sumadijachess.com\/index.php?rest_route=\/wp\/v2\/pages\/10533\/revisions\/12364"}],"wp:attachment":[{"href":"https:\/\/www.sumadijachess.com\/index.php?rest_route=%2Fwp%2Fv2%2Fmedia&parent=10533"}],"curies":[{"name":"wp","href":"https:\/\/api.w.org\/{rel}","templated":true}]}}