{"id":10556,"date":"2019-06-29T16:56:35","date_gmt":"2019-06-29T14:56:35","guid":{"rendered":"https:\/\/www.sumadijachess.com\/?page_id=10556"},"modified":"2021-09-04T15:43:13","modified_gmt":"2021-09-04T13:43:13","slug":"sk-gruza-gruza","status":"publish","type":"page","link":"https:\/\/www.sumadijachess.com\/?page_id=10556","title":{"rendered":"\u0160K &#8222;Gru\u017ea&#8220;-Gru\u017ea"},"content":{"rendered":"<p><strong>Predsednik:<\/strong><br \/>\nBogosavljevi\u0107 Radoje<br \/>\nTel:<br \/>\n<strong>Sekretar:<\/strong><br \/>\n\u017divanovi\u0107 Zoran<br \/>\nTel: 063\/866 7616<\/p>\n","protected":false},"excerpt":{"rendered":"Predsednik: Bogosavljevi\u0107 Radoje Tel: Sekretar: \u017divanovi\u0107 Zoran Tel: 063\/866 7616","protected":false},"author":2,"featured_media":0,"parent":0,"menu_order":0,"comment_status":"closed","ping_status":"closed","template":"","meta":{"footnotes":""},"class_list":["post-10556","page","type-page","status-publish","hentry"],"_links":{"self":[{"href":"https:\/\/www.sumadijachess.com\/index.php?rest_route=\/wp\/v2\/pages\/10556","targetHints":{"allow":["GET"]}}],"collection":[{"href":"https:\/\/www.sumadijachess.com\/index.php?rest_route=\/wp\/v2\/pages"}],"about":[{"href":"https:\/\/www.sumadijachess.com\/index.php?rest_route=\/wp\/v2\/types\/page"}],"author":[{"embeddable":true,"href":"https:\/\/www.sumadijachess.com\/index.php?rest_route=\/wp\/v2\/users\/2"}],"replies":[{"embeddable":true,"href":"https:\/\/www.sumadijachess.com\/index.php?rest_route=%2Fwp%2Fv2%2Fcomments&post=10556"}],"version-history":[{"count":7,"href":"https:\/\/www.sumadijachess.com\/index.php?rest_route=\/wp\/v2\/pages\/10556\/revisions"}],"predecessor-version":[{"id":12357,"href":"https:\/\/www.sumadijachess.com\/index.php?rest_route=\/wp\/v2\/pages\/10556\/revisions\/12357"}],"wp:attachment":[{"href":"https:\/\/www.sumadijachess.com\/index.php?rest_route=%2Fwp%2Fv2%2Fmedia&parent=10556"}],"curies":[{"name":"wp","href":"https:\/\/api.w.org\/{rel}","templated":true}]}}