{"id":10693,"date":"2019-07-07T11:59:55","date_gmt":"2019-07-07T09:59:55","guid":{"rendered":"https:\/\/www.sumadijachess.com\/?page_id=10693"},"modified":"2026-01-13T13:51:46","modified_gmt":"2026-01-13T12:51:46","slug":"uo-sss","status":"publish","type":"page","link":"https:\/\/www.sumadijachess.com\/?page_id=10693","title":{"rendered":"UO \u0160S\u0160"},"content":{"rendered":"<p>Upravni Odbor<\/p>\n<ol>\n<li>Tucakovi\u0107 Dragan &#8211;\u00a0 predsednik<\/li>\n<li>\u00a0Nikoli\u0107 Vladimir &#8211; potpredsednik<\/li>\n<li>Rihterovi\u0107 Milan, \u010dlan<\/li>\n<li>Bjelanovi\u0107 Mile, \u010dlan<\/li>\n<li>Pantovi\u0107 Rajko, \u010dlan<\/li>\n<li>Lukovac Nikola, \u010dlan<\/li>\n<li>Bamdad Avesta, \u010dlan .<\/li>\n<\/ol>\n<p>Nadzorni odbor<\/p>\n<ol>\n<li>Prof. \u0110or\u0111e Bo\u017eovi\u0107, \u010dlan S\u0160U Velika rokada<br \/>\n2. Nemanja Juri\u0161evi\u0107, \u010dlan \u0160S Kutlovo i<br \/>\n3. Blagoje Milutinovi\u0107, \u010dlan S\u0160U Erde\u010d 2017.<\/li>\n<\/ol>\n<p>Sekretar:<\/p>\n<ul>\n<li>Milo\u0161evi\u0107 Petar<\/li>\n<\/ul>\n<p>\u0414\u0438\u0441\u0446\u0438\u043f\u043b\u0438\u043d\u0441\u043a\u0430 \u043a\u043e\u043c\u0438\u0441\u0438\u0458\u0430:<br \/>\n\u0413\u0430\u0458\u0438\u045b \u041f\u0440\u0435\u0434\u0440\u0430\u0433 \u2013 \u043f\u0440\u0435\u0434\u0441\u0435\u0434\u043d\u0438\u043a<br \/>\n\u0402\u0443\u0440\u0438\u045b \u0421\u0430\u0432\u043e \u2013 \u0447\u043b\u0430\u043d<br \/>\n\u0420\u0438\u0441\u0442\u0438\u045b \u0411\u0440\u0430\u043d\u0438\u0441\u043b\u0430\u0432 \u2013 \u0447\u043b\u0430\u043d<\/p>\n<p>\u0422\u0430\u043a\u043c\u0438\u0447\u0430\u0440\u0441\u043a\u0430 \u043a\u043e\u043c\u0438\u0441\u0438\u0458\u0430 :<br \/>\n\u0402\u0443\u0440\u0438\u045b \u041f\u0440\u0435\u0434\u0440\u0430\u0433 \u2013 \u043f\u0440\u0435\u0434\u0441\u0435\u0434\u043d\u0438\u043a<br \/>\n\u0421\u0438\u043c\u0438\u045b \u0421\u0430\u0448\u0430 \u2013 \u0447\u043b\u0430\u043d<br \/>\n\u0420\u0430\u0434\u043e\u0441\u0430\u0432\u0459\u0435\u0432\u0438\u045b \u041f\u0435\u0442\u0430\u0440 \u2013 \u0447\u043b\u0430\u043d<\/p>\n<p>\u0421\u0442\u0430\u0442\u0443\u0442\u0430\u0440\u043d\u0430 \u043a\u043e\u043c\u0438\u0441\u0438\u0458\u0430 :<br \/>\n\u0421\u0438\u043c\u043e\u043d\u043e\u0432\u0438\u045b \u0411\u0440\u0430\u043d\u0438\u0441\u043b\u0430\u0432 \u2013 \u043f\u0440\u0435\u0434\u0441\u0435\u0434\u043d\u0438\u043a<br \/>\n\u0421\u0442\u0443\u043f\u0438\u045b \u0418\u0432\u0430\u043d \u2013 \u0447\u043b\u0430\u043d<br \/>\n\u041c\u0438\u043c\u043e\u0432\u0438\u045b \u041f\u0440\u0435\u0434\u0440\u0430\u0433 \u2013 \u0447\u043b\u0430\u043d<\/p>\n","protected":false},"excerpt":{"rendered":"Upravni Odbor Tucakovi\u0107 Dragan &#8211;\u00a0 predsednik \u00a0Nikoli\u0107 Vladimir &#8211; potpredsednik Rihterovi\u0107 Milan, \u010dlan Bjelanovi\u0107 Mile, \u010dlan Pantovi\u0107 Rajko, \u010dlan Lukovac Nikola, \u010dlan Bamdad Avesta, \u010dlan . Nadzorni odbor Prof. \u0110or\u0111e Bo\u017eovi\u0107, \u010dlan S\u0160U Velika rokada 2. Nemanja Juri\u0161evi\u0107, \u010dlan \u0160S Kutlovo i 3. Blagoje Milutinovi\u0107, \u010dlan S\u0160U Erde\u010d 2017. Sekretar: Milo\u0161evi\u0107 Petar \u0414\u0438\u0441\u0446\u0438\u043f\u043b\u0438\u043d\u0441\u043a\u0430 \u043a\u043e\u043c\u0438\u0441\u0438\u0458\u0430: \u0413\u0430\u0458\u0438\u045b [&hellip;]","protected":false},"author":2,"featured_media":0,"parent":0,"menu_order":0,"comment_status":"closed","ping_status":"closed","template":"","meta":{"footnotes":""},"class_list":["post-10693","page","type-page","status-publish","hentry"],"_links":{"self":[{"href":"https:\/\/www.sumadijachess.com\/index.php?rest_route=\/wp\/v2\/pages\/10693","targetHints":{"allow":["GET"]}}],"collection":[{"href":"https:\/\/www.sumadijachess.com\/index.php?rest_route=\/wp\/v2\/pages"}],"about":[{"href":"https:\/\/www.sumadijachess.com\/index.php?rest_route=\/wp\/v2\/types\/page"}],"author":[{"embeddable":true,"href":"https:\/\/www.sumadijachess.com\/index.php?rest_route=\/wp\/v2\/users\/2"}],"replies":[{"embeddable":true,"href":"https:\/\/www.sumadijachess.com\/index.php?rest_route=%2Fwp%2Fv2%2Fcomments&post=10693"}],"version-history":[{"count":22,"href":"https:\/\/www.sumadijachess.com\/index.php?rest_route=\/wp\/v2\/pages\/10693\/revisions"}],"predecessor-version":[{"id":14337,"href":"https:\/\/www.sumadijachess.com\/index.php?rest_route=\/wp\/v2\/pages\/10693\/revisions\/14337"}],"wp:attachment":[{"href":"https:\/\/www.sumadijachess.com\/index.php?rest_route=%2Fwp%2Fv2%2Fmedia&parent=10693"}],"curies":[{"name":"wp","href":"https:\/\/api.w.org\/{rel}","templated":true}]}}