{"id":11578,"date":"2020-01-08T05:33:58","date_gmt":"2020-01-08T04:33:58","guid":{"rendered":"https:\/\/www.sumadijachess.com\/?page_id=11578"},"modified":"2021-03-05T20:32:40","modified_gmt":"2021-03-05T19:32:40","slug":"o-nama","status":"publish","type":"page","link":"https:\/\/www.sumadijachess.com\/?page_id=11578","title":{"rendered":"O nama"},"content":{"rendered":"<p><strong>09. juna 2010. godine odr\u017eana je poslednja Skup\u0161tina \u0160ahovskog saveza \u0160umadije i Pomoravlja, na kojoj je izglasano da oba saveza po\u010dnu samostalno (odvojeno) da funkcioni\u0161u.<\/strong><\/p>\n<p><strong>Nakon toga, odr\u017eana je osniva\u010dka Skup\u0161tina \u0160ahovskog saveza \u0160umadije 27. juna 2010. godine u Kragujevcu. Na istoj Skup\u0161tini izabrani su\u00a0rukovode\u0107i organi saveza.<\/strong><\/p>\n","protected":false},"excerpt":{"rendered":"09. juna 2010. godine odr\u017eana je poslednja Skup\u0161tina \u0160ahovskog saveza \u0160umadije i Pomoravlja, na kojoj je izglasano da oba saveza po\u010dnu samostalno (odvojeno) da funkcioni\u0161u. Nakon toga, odr\u017eana je osniva\u010dka Skup\u0161tina \u0160ahovskog saveza \u0160umadije 27. juna 2010. godine u Kragujevcu. Na istoj Skup\u0161tini izabrani su\u00a0rukovode\u0107i organi saveza.","protected":false},"author":2,"featured_media":0,"parent":0,"menu_order":0,"comment_status":"closed","ping_status":"closed","template":"","meta":{"footnotes":""},"class_list":["post-11578","page","type-page","status-publish","hentry"],"_links":{"self":[{"href":"https:\/\/www.sumadijachess.com\/index.php?rest_route=\/wp\/v2\/pages\/11578","targetHints":{"allow":["GET"]}}],"collection":[{"href":"https:\/\/www.sumadijachess.com\/index.php?rest_route=\/wp\/v2\/pages"}],"about":[{"href":"https:\/\/www.sumadijachess.com\/index.php?rest_route=\/wp\/v2\/types\/page"}],"author":[{"embeddable":true,"href":"https:\/\/www.sumadijachess.com\/index.php?rest_route=\/wp\/v2\/users\/2"}],"replies":[{"embeddable":true,"href":"https:\/\/www.sumadijachess.com\/index.php?rest_route=%2Fwp%2Fv2%2Fcomments&post=11578"}],"version-history":[{"count":3,"href":"https:\/\/www.sumadijachess.com\/index.php?rest_route=\/wp\/v2\/pages\/11578\/revisions"}],"predecessor-version":[{"id":11582,"href":"https:\/\/www.sumadijachess.com\/index.php?rest_route=\/wp\/v2\/pages\/11578\/revisions\/11582"}],"wp:attachment":[{"href":"https:\/\/www.sumadijachess.com\/index.php?rest_route=%2Fwp%2Fv2%2Fmedia&parent=11578"}],"curies":[{"name":"wp","href":"https:\/\/api.w.org\/{rel}","templated":true}]}}