{"id":11851,"date":"2021-01-09T18:13:30","date_gmt":"2021-01-09T17:13:30","guid":{"rendered":"https:\/\/www.sumadijachess.com\/?page_id=11851"},"modified":"2025-06-18T22:04:26","modified_gmt":"2025-06-18T20:04:26","slug":"arhiva-ostalih-takmicenja-sscs","status":"publish","type":"page","link":"https:\/\/www.sumadijachess.com\/?page_id=11851","title":{"rendered":"Arhiva ostalih takmi\u010denja \u0160S \u0160UMADIJE"},"content":{"rendered":"<p style=\"text-align: center;\"><strong>KUP \u0160umadije<\/strong><\/p>\n<p style=\"text-align: center;\"><select onchange=\"location=this.options[this.selectedIndex].value\"><option value=\"\">Izaberi sezonu<\/option><option value=\"http:\/\/chess-results.com\/tnr31543.aspx?lan=14\">2010<\/option><option value=\"http:\/\/chess-results.com\/tnr46080.aspx?lan=14\">2011<\/option><option value=\"http:\/\/chess-results.com\/tnr68678.aspx?lan=14\">2012<\/option><option value=\"http:\/\/www.chess-results.com\/tnr94704.aspx? lan=14\">2013<\/option><option value=\"http:\/\/www.chess-results.com\/tnr126226.aspx? lan=14\">2014<\/option><option value=\"http:\/\/www.chess-results.com\/tnr163723.aspx? lan=14\">2015<\/option><option value=\"http:\/\/www.chess-results.com\/tnr208198.aspx? lan=14\">2016<\/option><option value=\"http:\/\/www.chess-results.com\/tnr261695.aspx? lan=14\">2017<\/option><option value=\"http:\/\/www.chess-results.com\/tnr342385.aspx? lan=14\">2018<\/option><option value=\"http:\/\/www.chess-results.com\/tnr404442.aspx? lan=14\">2019<\/option><option value=\"http:\/\/www.chess-results.com\/tnr505837.aspx? lan=14\">2020<\/option><option value=\"http:\/\/www.chess-results.com\/tnr547058.aspx? lan=14\">2021<\/option><option value=\"http:\/\/www.chess-results.com\/tnr604631.aspx? lan=14\">2022<\/option><option value=\"http:\/\/www.chess-results.com\/tnr717861.aspx? lan=14\">2023<\/option><option value=\"http:\/\/chess-results.com\/tnr867253.aspx? lan=14\">2024<\/option><option value=\"http:\/\/www.chess-results.com\/tnr1089640.aspx? lan=14\">2025<\/option><\/select><\/p>\n<p style=\"text-align: center;\"><strong>\u0160umadija OPEN<\/strong><\/p>\n<p style=\"text-align: center;\"><select onchange=\"location=this.options[this.selectedIndex].value\"><option value=\"\">Izaberi sezonu<\/option><option value=\"http:\/\/www.chess-results.com\/tnr103292.aspx? lan=14\">2013<\/option><option value=\"http:\/\/www.chess-results.com\/tnr130698.aspx? lan=14\">2014<\/option><option value=\"http:\/\/www.chess-results.com\/tnr183468.aspx? lan=14\">2015<\/option><option value=\"http:\/\/www.chess-results.com\/tnr229006.aspx? lan=14\">2016<\/option><option value=\"http:\/\/www.chess-results.com\/tnr288207.aspx? lan=14\">2017<\/option><option value=\"http:\/\/www.chess-results.com\/tnr362964.aspx? lan=14\">2018<\/option><option value=\"http:\/\/www.chess-results.com\/tnr455055.aspx? lan=14\">2019<\/option><option value=\"http:\/\/www.chess-results.com\/tnr564019.aspx? lan=14\">2021<\/option><option value=\"http:\/\/www.chess-results.com\/tnr654291.aspx? lan=14\">2022<\/option><option value=\"http:\/\/www.chess-results.com\/tnr802687.aspx? lan=14\">2023<\/option><option value=\"http:\/\/www.chess-results.com\/tnr934131.aspx? lan=14\">2024<\/option><\/select><\/p>\n<p style=\"text-align: center;\"><strong>Seoska \u0161ahovska olimpijada<\/strong><\/p>\n<p style=\"text-align: center;\"><select onchange=\"location=this.options[this.selectedIndex].value\"><option value=\"\">Izaberi sezonu<\/option><option value=\"http:\/\/www.chess-results.com\/tnr227271.aspx? lan=14\">Prva 2016-ekipno<\/option><option value=\"http:\/\/www.chess-results.com\/tnr280652.aspx? lan=14\">Druga 2017-ekipno<\/option><option value=\"http:\/\/www.chess-results.com\/tnr331520.aspx? lan=14\">Tre\u0107a 2018-ekipno<\/option><option value=\"http:\/\/www.chess-results.com\/tnr343787.aspx? lan=14\">Tre\u0107a 2018-pojedina\u010dno<\/option><option value=\"http:\/\/www.chess-results.com\/tnr429049.aspx? lan=14\">\u010cetvrtta 2019-ekipno<\/option><option value=\"http:\/\/www.chess-results.com\/tnr432930.aspx? lan=14\">\u010cetvrta 2019-pojedina\u010dno<\/option><option value=\"http:\/\/www.chess-results.com\/tnr568552.aspx? lan=14\">Peta 2021-ekipno<\/option><option value=\"http:\/\/www.chess-results.com\/tnr571177.aspx? lan=14\">Peta 2021-pojedina\u010dno<\/option><option value=\"http:\/\/www.chess-results.com\/tnr568552.aspx? lan=14\">\u0160esta 2022-ekipno<\/option><option value=\"http:\/\/www.chess-results.com\/tnr663301.aspx? lan=14\">\u0160esta 2022-pojedina\u010dno<\/option><option value=\"http:\/\/www.chess-results.com\/tnr774931.aspx? lan=14\">Sedma 2023-ekipno<\/option><option value=\"http:\/\/www.chess-results.com\/tnr808560.aspx? lan=14\">Sedma 2023-pojedinacno<\/option><option value=\"http:\/\/www.chess-results.com\/tnr965955.aspx? lan=14\">Osma 2024-ekipno<\/option><option value=\"http:\/\/www.chess-results.com\/tnr979471.aspx? lan=14\">Osma 2024-pojedina\u010dno<\/option><\/select><\/p>\n","protected":false},"excerpt":{"rendered":"KUP \u0160umadije Izaberi sezonu2010201120122013201420152016201720182019202020212022202320242025 \u0160umadija OPEN Izaberi sezonu20132014201520162017201820192021202220232024 Seoska \u0161ahovska olimpijada Izaberi sezonuPrva 2016-ekipnoDruga 2017-ekipnoTre\u0107a 2018-ekipnoTre\u0107a 2018-pojedina\u010dno\u010cetvrtta 2019-ekipno\u010cetvrta 2019-pojedina\u010dnoPeta 2021-ekipnoPeta 2021-pojedina\u010dno\u0160esta 2022-ekipno\u0160esta 2022-pojedina\u010dnoSedma 2023-ekipnoSedma 2023-pojedinacnoOsma 2024-ekipnoOsma 2024-pojedina\u010dno","protected":false},"author":2,"featured_media":0,"parent":0,"menu_order":0,"comment_status":"closed","ping_status":"closed","template":"","meta":{"footnotes":""},"class_list":["post-11851","page","type-page","status-publish","hentry"],"_links":{"self":[{"href":"https:\/\/www.sumadijachess.com\/index.php?rest_route=\/wp\/v2\/pages\/11851","targetHints":{"allow":["GET"]}}],"collection":[{"href":"https:\/\/www.sumadijachess.com\/index.php?rest_route=\/wp\/v2\/pages"}],"about":[{"href":"https:\/\/www.sumadijachess.com\/index.php?rest_route=\/wp\/v2\/types\/page"}],"author":[{"embeddable":true,"href":"https:\/\/www.sumadijachess.com\/index.php?rest_route=\/wp\/v2\/users\/2"}],"replies":[{"embeddable":true,"href":"https:\/\/www.sumadijachess.com\/index.php?rest_route=%2Fwp%2Fv2%2Fcomments&post=11851"}],"version-history":[{"count":78,"href":"https:\/\/www.sumadijachess.com\/index.php?rest_route=\/wp\/v2\/pages\/11851\/revisions"}],"predecessor-version":[{"id":14460,"href":"https:\/\/www.sumadijachess.com\/index.php?rest_route=\/wp\/v2\/pages\/11851\/revisions\/14460"}],"wp:attachment":[{"href":"https:\/\/www.sumadijachess.com\/index.php?rest_route=%2Fwp%2Fv2%2Fmedia&parent=11851"}],"curies":[{"name":"wp","href":"https:\/\/api.w.org\/{rel}","templated":true}]}}