{"id":9261,"date":"2019-05-12T14:35:07","date_gmt":"2019-05-12T12:35:07","guid":{"rendered":"https:\/\/www.sumadijachess.com\/?page_id=9261"},"modified":"2026-03-04T18:20:24","modified_gmt":"2026-03-04T17:20:24","slug":"dokumenti-2","status":"publish","type":"page","link":"https:\/\/www.sumadijachess.com\/?page_id=9261","title":{"rendered":"Obrasci"},"content":{"rendered":"<p style=\"text-align: center;\"><a href=\"https:\/\/www.sumadijachess.com\/wp-content\/uploads\/2019\/07\/Prijava-igraca-prve-lige-Sumadije.pdf\">Prijava igraca prve lige Sumadije<\/a><\/p>\n<p style=\"text-align: center;\"><a href=\"https:\/\/www.sumadijachess.com\/wp-content\/uploads\/2019\/07\/Prijava-igraca-druge-lige-Sumadije.pdf\">Prijava igraca druge lige Sumadije<\/a><\/p>\n<p style=\"text-align: center;\"><a href=\"https:\/\/www.sumadijachess.com\/wp-content\/uploads\/2019\/07\/Zapisnik_4-igraca.pdf\">Zapisnik_sa me\u010da_4 igraca<\/a><\/p>\n<p style=\"text-align: center;\"><a href=\"https:\/\/www.sumadijachess.com\/wp-content\/uploads\/2019\/07\/Zapisnik_6-igraca.pdf\">Zapisnik_sa me\u010da-6 igraca<\/a><\/p>\n<p style=\"text-align: center;\"><a href=\"https:\/\/www.sumadijachess.com\/wp-content\/uploads\/2019\/07\/Zapisnik_8-igraca.pdf\">Zapisnik_sa me\u010da_8 igraca<\/a><\/p>\n<h3 style=\"text-align: center;\"><a href=\"https:\/\/www.sumadijachess.com\/wp-content\/uploads\/2026\/03\/Registracija-kluba-obrazac-2026.xlsx\">Registracija-kluba-obrazac-2026 -XLS<\/a><\/h3>\n<h3 style=\"text-align: center;\"><a href=\"https:\/\/www.sumadijachess.com\/wp-content\/uploads\/2026\/03\/Registracija-kluba-obrazac-2026.pdf\">Registracija-kluba-obrazac-2026 -PDF<\/a><\/h3>\n<p>&nbsp;<\/p>\n<h3 style=\"text-align: center;\"><\/h3>\n","protected":false},"excerpt":{"rendered":"Prijava igraca prve lige Sumadije Prijava igraca druge lige Sumadije Zapisnik_sa me\u010da_4 igraca Zapisnik_sa me\u010da-6 igraca Zapisnik_sa me\u010da_8 igraca Registracija-kluba-obrazac-2026 -XLS Registracija-kluba-obrazac-2026 -PDF &nbsp;","protected":false},"author":2,"featured_media":0,"parent":0,"menu_order":0,"comment_status":"closed","ping_status":"closed","template":"","meta":{"footnotes":""},"class_list":["post-9261","page","type-page","status-publish","hentry"],"_links":{"self":[{"href":"https:\/\/www.sumadijachess.com\/index.php?rest_route=\/wp\/v2\/pages\/9261","targetHints":{"allow":["GET"]}}],"collection":[{"href":"https:\/\/www.sumadijachess.com\/index.php?rest_route=\/wp\/v2\/pages"}],"about":[{"href":"https:\/\/www.sumadijachess.com\/index.php?rest_route=\/wp\/v2\/types\/page"}],"author":[{"embeddable":true,"href":"https:\/\/www.sumadijachess.com\/index.php?rest_route=\/wp\/v2\/users\/2"}],"replies":[{"embeddable":true,"href":"https:\/\/www.sumadijachess.com\/index.php?rest_route=%2Fwp%2Fv2%2Fcomments&post=9261"}],"version-history":[{"count":11,"href":"https:\/\/www.sumadijachess.com\/index.php?rest_route=\/wp\/v2\/pages\/9261\/revisions"}],"predecessor-version":[{"id":15123,"href":"https:\/\/www.sumadijachess.com\/index.php?rest_route=\/wp\/v2\/pages\/9261\/revisions\/15123"}],"wp:attachment":[{"href":"https:\/\/www.sumadijachess.com\/index.php?rest_route=%2Fwp%2Fv2%2Fmedia&parent=9261"}],"curies":[{"name":"wp","href":"https:\/\/api.w.org\/{rel}","templated":true}]}}