{"id":9265,"date":"2019-05-12T14:36:01","date_gmt":"2019-05-12T12:36:01","guid":{"rendered":"https:\/\/www.sumadijachess.com\/?page_id=9265"},"modified":"2026-01-09T00:05:11","modified_gmt":"2026-01-08T23:05:11","slug":"linkovi-2","status":"publish","type":"page","link":"https:\/\/www.sumadijachess.com\/?page_id=9265","title":{"rendered":"Linkovi"},"content":{"rendered":"<p><center>&#8211; FIDE &#8211;<center><span style=\"color: #ff6600;\"><a style=\"color: #ff6600;\" href=\"https:\/\/www.fide.com\/\">www.fide.com<\/a><\/span><br \/>\n&#8211; ECU &#8211;<center><span style=\"color: #ff6600;\"><a style=\"color: #ff6600;\" href=\"http:\/\/www.europechess.org\/\">www.europechess.org<\/a><\/span><br \/>\n&#8211; SRB chess-results &#8211;<center><span style=\"color: #ff6600;\"><a style=\"color: #ff6600;\" href=\"http:\/\/www.chess-results.com\">www.chess-results<\/a><\/span><br \/>\n&#8211; \u0160S Srbije &#8211;<center><span style=\"color: #ff6600;\"><a style=\"color: #ff6600;\" href=\"https:\/\/serbiachess.org\/\">www.serbiachess.org<\/a><\/span><br \/>\n&#8211; \u0160S Centralne Srbije &#8211;<center><span style=\"color: #ff6600;\"><a style=\"color: #ff6600;\" href=\"http:\/\/www.sah-centralnasrbija.com\/\">www.sah-centranasrbija.com<\/a><\/span><\/center><center>\u0160S \u0160umadije<\/center><center><span style=\"color: #ff6600;\"><a style=\"color: #ff6600;\" href=\"https:\/\/www.sumadijachess.com\">www.sumadijachess.com<\/a><\/span><br \/>\n<center>&#8211; VE\u010cITI \u0160AH &#8211;<\/center><center><center><center><span style=\"color: #ff6600;\"><a style=\"color: #ff6600;\" href=\"http:\/\/www.perpetualcheck.com\/\">www.perpetualcheck.com<\/a><\/span><br \/>\n&#8211; \u0160K &#8222;STARI GRAD&#8220; &#8211;<center><span style=\"color: #ff6600;\"><a style=\"color: #ff6600;\" href=\"https:\/\/starigradkg.weebly.com\/\">www.starigradkg.weebly.com<\/a><\/span><\/center><center>&#8211; S\u0160U &#8222;VA\u0160ARI\u0160TE 64&#8220;<\/center><center><span style=\"color: #ff6600;\"><a style=\"color: #ff6600;\" href=\"https:\/\/zmark66.wixsite.com\/vasariste\">www.zmark66.wixsite.com\/vasariste<\/a><\/span><\/center><center>&#8211; SRBIJA TIM &#8211;<\/center><center><span style=\"color: #ff6600;\"><a style=\"color: #ff6600;\" href=\"https:\/\/www.chess.com\/sr\/club\/srbija-tim\">https:\/\/www.chess.com\/sr\/club\/srbija-tim<\/a><\/span><\/center><center><\/center><center><\/center><\/center><\/center><\/center><\/center><\/center><\/center><\/center><\/center><\/center><\/p>\n","protected":false},"excerpt":{"rendered":"&#8211; FIDE &#8211;www.fide.com &#8211; ECU &#8211;www.europechess.org &#8211; SRB chess-results &#8211;www.chess-results &#8211; \u0160S Srbije &#8211;www.serbiachess.org &#8211; \u0160S Centralne Srbije &#8211;www.sah-centranasrbija.com\u0160S \u0160umadijewww.sumadijachess.com &#8211; VE\u010cITI \u0160AH &#8211;www.perpetualcheck.com &#8211; \u0160K &#8222;STARI GRAD&#8220; &#8211;www.starigradkg.weebly.com&#8211; S\u0160U &#8222;VA\u0160ARI\u0160TE 64&#8220;www.zmark66.wixsite.com\/vasariste&#8211; SRBIJA TIM &#8211;https:\/\/www.chess.com\/sr\/club\/srbija-tim","protected":false},"author":2,"featured_media":0,"parent":0,"menu_order":0,"comment_status":"closed","ping_status":"closed","template":"","meta":{"footnotes":""},"class_list":["post-9265","page","type-page","status-publish","hentry"],"_links":{"self":[{"href":"https:\/\/www.sumadijachess.com\/index.php?rest_route=\/wp\/v2\/pages\/9265","targetHints":{"allow":["GET"]}}],"collection":[{"href":"https:\/\/www.sumadijachess.com\/index.php?rest_route=\/wp\/v2\/pages"}],"about":[{"href":"https:\/\/www.sumadijachess.com\/index.php?rest_route=\/wp\/v2\/types\/page"}],"author":[{"embeddable":true,"href":"https:\/\/www.sumadijachess.com\/index.php?rest_route=\/wp\/v2\/users\/2"}],"replies":[{"embeddable":true,"href":"https:\/\/www.sumadijachess.com\/index.php?rest_route=%2Fwp%2Fv2%2Fcomments&post=9265"}],"version-history":[{"count":42,"href":"https:\/\/www.sumadijachess.com\/index.php?rest_route=\/wp\/v2\/pages\/9265\/revisions"}],"predecessor-version":[{"id":14846,"href":"https:\/\/www.sumadijachess.com\/index.php?rest_route=\/wp\/v2\/pages\/9265\/revisions\/14846"}],"wp:attachment":[{"href":"https:\/\/www.sumadijachess.com\/index.php?rest_route=%2Fwp%2Fv2%2Fmedia&parent=9265"}],"curies":[{"name":"wp","href":"https:\/\/api.w.org\/{rel}","templated":true}]}}