{"id":9321,"date":"2019-05-12T18:08:30","date_gmt":"2019-05-12T16:08:30","guid":{"rendered":"https:\/\/www.sumadijachess.com\/?page_id=9321"},"modified":"2020-10-10T22:40:16","modified_gmt":"2020-10-10T20:40:16","slug":"sk-ask-arandjelovac","status":"publish","type":"page","link":"https:\/\/www.sumadijachess.com\/?page_id=9321","title":{"rendered":"\u0160K &#8222;A\u0160K&#8220; Aran\u0111elovac"},"content":{"rendered":"<p><strong>Predsednik:<\/strong><\/p>\n<p>Todorovi\u0107 Dragan<\/p>\n<p>Tel:063\/686 364<br \/>\n<strong>Sekretar:<\/strong><\/p>\n<p>Ivovi\u0107 Branislav<\/p>\n<p>Tel:064\/0426555<\/p>\n<table width=\"442\">\n<tbody>\n<tr>\n<td colspan=\"3\" width=\"259\">\u00a0ASK &#8211; Arandjelovac<\/td>\n<td width=\"61\"><\/td>\n<td width=\"40\"><\/td>\n<td width=\"82\"><\/td>\n<\/tr>\n<tr>\n<td><\/td>\n<td><\/td>\n<td><\/td>\n<td><\/td>\n<td><\/td>\n<td><\/td>\n<\/tr>\n<tr>\n<td>Tbl.<\/td>\n<td><\/td>\n<td>Ime<\/td>\n<td>IntrRtg<\/td>\n<td>FED<\/td>\n<td>FIDE-Br.<\/td>\n<\/tr>\n<tr>\n<td>1<\/td>\n<td>GM<\/td>\n<td>Drenchev Petar<\/td>\n<td>2434<\/td>\n<td>BUL<\/td>\n<td>2903261<\/td>\n<\/tr>\n<tr>\n<td>2<\/td>\n<td>GM<\/td>\n<td>Pikula Dejan<\/td>\n<td>2421<\/td>\n<td>SRB<\/td>\n<td>906379<\/td>\n<\/tr>\n<tr>\n<td>3<\/td>\n<td>IM<\/td>\n<td>Brkljaca Ante<\/td>\n<td>2266<\/td>\n<td>SRB<\/td>\n<td>900567<\/td>\n<\/tr>\n<tr>\n<td>4<\/td>\n<td>MK<\/td>\n<td>Vojinovic Luka<\/td>\n<td>2271<\/td>\n<td>SRB<\/td>\n<td>922846<\/td>\n<\/tr>\n<tr>\n<td>5<\/td>\n<td>FM<\/td>\n<td>Nikolic Dragovan<\/td>\n<td>2192<\/td>\n<td>SRB<\/td>\n<td>916986<\/td>\n<\/tr>\n<tr>\n<td>6<\/td>\n<td>MK<\/td>\n<td>Ivanovic Lazar<\/td>\n<td>2108<\/td>\n<td>SRB<\/td>\n<td>943177<\/td>\n<\/tr>\n<tr>\n<td><\/td>\n<td>MK<\/td>\n<td>Cirakovic Ivan<\/td>\n<td>2153<\/td>\n<td>SRB<\/td>\n<td>905569<\/td>\n<\/tr>\n<tr>\n<td><\/td>\n<td>MK<\/td>\n<td>Cosovic Miodrag<\/td>\n<td>2231<\/td>\n<td>SRB<\/td>\n<td>916447<\/td>\n<\/tr>\n<\/tbody>\n<\/table>\n","protected":false},"excerpt":{"rendered":"Predsednik: Todorovi\u0107 Dragan Tel:063\/686 364 Sekretar: Ivovi\u0107 Branislav Tel:064\/0426555 \u00a0ASK &#8211; Arandjelovac Tbl. Ime IntrRtg FED FIDE-Br. 1 GM Drenchev Petar 2434 BUL 2903261 2 GM Pikula Dejan 2421 SRB 906379 3 IM Brkljaca Ante 2266 SRB 900567 4 MK Vojinovic Luka 2271 SRB 922846 5 FM Nikolic Dragovan 2192 SRB 916986 6 MK Ivanovic [&hellip;]","protected":false},"author":2,"featured_media":0,"parent":0,"menu_order":0,"comment_status":"closed","ping_status":"closed","template":"","meta":{"footnotes":""},"class_list":["post-9321","page","type-page","status-publish","hentry"],"_links":{"self":[{"href":"https:\/\/www.sumadijachess.com\/index.php?rest_route=\/wp\/v2\/pages\/9321","targetHints":{"allow":["GET"]}}],"collection":[{"href":"https:\/\/www.sumadijachess.com\/index.php?rest_route=\/wp\/v2\/pages"}],"about":[{"href":"https:\/\/www.sumadijachess.com\/index.php?rest_route=\/wp\/v2\/types\/page"}],"author":[{"embeddable":true,"href":"https:\/\/www.sumadijachess.com\/index.php?rest_route=\/wp\/v2\/users\/2"}],"replies":[{"embeddable":true,"href":"https:\/\/www.sumadijachess.com\/index.php?rest_route=%2Fwp%2Fv2%2Fcomments&post=9321"}],"version-history":[{"count":7,"href":"https:\/\/www.sumadijachess.com\/index.php?rest_route=\/wp\/v2\/pages\/9321\/revisions"}],"predecessor-version":[{"id":11805,"href":"https:\/\/www.sumadijachess.com\/index.php?rest_route=\/wp\/v2\/pages\/9321\/revisions\/11805"}],"wp:attachment":[{"href":"https:\/\/www.sumadijachess.com\/index.php?rest_route=%2Fwp%2Fv2%2Fmedia&parent=9321"}],"curies":[{"name":"wp","href":"https:\/\/api.w.org\/{rel}","templated":true}]}}