{"id":9445,"date":"2019-05-13T18:41:12","date_gmt":"2019-05-13T16:41:12","guid":{"rendered":"https:\/\/www.sumadijachess.com\/?page_id=9445"},"modified":"2026-01-20T13:30:10","modified_gmt":"2026-01-20T12:30:10","slug":"na-sudije","status":"publish","type":"page","link":"https:\/\/www.sumadijachess.com\/?page_id=9445","title":{"rendered":"NA &#8211; sudije"},"content":{"rendered":"<p>1. Avramovi\u0107 Aleksandar &#8211; Kragujevac<br \/>\n2. Bamdad Avesta &#8211; Kragujevac<br \/>\n3. Jovanovi\u010d Ivica &#8211; Kragujevac<br \/>\n4. Lukovac Nikola &#8211; Kragujevac<br \/>\n5. Mar\u010deti\u0107 Slobodan &#8211; Kragujevac<br \/>\n6. Miti\u0107 Bojan &#8211; Bato\u010dina<br \/>\n7. Pikula Dejan &#8211; Aran\u0111elovac<br \/>\n8. Radovi\u0107 Zoran &#8211; Rogojevac<br \/>\n9. Simovi\u0107 Zoran &#8211; Kragujevac<br \/>\n10. Vu\u010dkovi\u0107 Ivica &#8211; Aran\u0111elovac<\/p>\n<p>&nbsp;<\/p>\n","protected":false},"excerpt":{"rendered":"1. Avramovi\u0107 Aleksandar &#8211; Kragujevac 2. Bamdad Avesta &#8211; Kragujevac 3. Jovanovi\u010d Ivica &#8211; Kragujevac 4. Lukovac Nikola &#8211; Kragujevac 5. Mar\u010deti\u0107 Slobodan &#8211; Kragujevac 6. Miti\u0107 Bojan &#8211; Bato\u010dina 7. Pikula Dejan &#8211; Aran\u0111elovac 8. Radovi\u0107 Zoran &#8211; Rogojevac 9. Simovi\u0107 Zoran &#8211; Kragujevac 10. Vu\u010dkovi\u0107 Ivica &#8211; Aran\u0111elovac &nbsp;","protected":false},"author":2,"featured_media":0,"parent":0,"menu_order":0,"comment_status":"closed","ping_status":"closed","template":"","meta":{"footnotes":""},"class_list":["post-9445","page","type-page","status-publish","hentry"],"_links":{"self":[{"href":"https:\/\/www.sumadijachess.com\/index.php?rest_route=\/wp\/v2\/pages\/9445","targetHints":{"allow":["GET"]}}],"collection":[{"href":"https:\/\/www.sumadijachess.com\/index.php?rest_route=\/wp\/v2\/pages"}],"about":[{"href":"https:\/\/www.sumadijachess.com\/index.php?rest_route=\/wp\/v2\/types\/page"}],"author":[{"embeddable":true,"href":"https:\/\/www.sumadijachess.com\/index.php?rest_route=\/wp\/v2\/users\/2"}],"replies":[{"embeddable":true,"href":"https:\/\/www.sumadijachess.com\/index.php?rest_route=%2Fwp%2Fv2%2Fcomments&post=9445"}],"version-history":[{"count":13,"href":"https:\/\/www.sumadijachess.com\/index.php?rest_route=\/wp\/v2\/pages\/9445\/revisions"}],"predecessor-version":[{"id":15028,"href":"https:\/\/www.sumadijachess.com\/index.php?rest_route=\/wp\/v2\/pages\/9445\/revisions\/15028"}],"wp:attachment":[{"href":"https:\/\/www.sumadijachess.com\/index.php?rest_route=%2Fwp%2Fv2%2Fmedia&parent=9445"}],"curies":[{"name":"wp","href":"https:\/\/api.w.org\/{rel}","templated":true}]}}